
{"id":928,"date":"2021-08-18T10:08:45","date_gmt":"2021-08-18T10:08:45","guid":{"rendered":"http:\/\/localhost\/dtip-web\/?page_id=928"},"modified":"2021-09-25T14:21:48","modified_gmt":"2021-09-25T14:21:48","slug":"alinear-objetivos","status":"publish","type":"page","link":"https:\/\/xn--diseatuimagenpersonal-fbc.com\/dtip-web\/alinear-objetivos\/","title":{"rendered":"alinear-objetivos"},"content":{"rendered":"\t\t<div data-elementor-type=\"wp-page\" data-elementor-id=\"928\" class=\"elementor elementor-928\">\n\t\t\t\t\t\t<section class=\"elementor-section elementor-top-section elementor-element elementor-element-3f3ef11 elementor-section-full_width elementor-section-stretched elementor-section-height-default elementor-section-height-default exad-glass-effect-no exad-sticky-section-no\" data-id=\"3f3ef11\" data-element_type=\"section\" data-settings=\"{&quot;stretch_section&quot;:&quot;section-stretched&quot;}\">\n\t\t\t\t\t\t<div class=\"elementor-container elementor-column-gap-default\">\n\t\t\t\t\t<div class=\"elementor-column elementor-col-100 elementor-top-column elementor-element elementor-element-7fc617a exad-glass-effect-no exad-sticky-section-no\" data-id=\"7fc617a\" data-element_type=\"column\">\n\t\t\t<div class=\"elementor-widget-wrap elementor-element-populated\">\n\t\t\t\t\t\t<section data-pa-eq-height=\"{&quot;targetType&quot;:&quot;widget&quot;,&quot;target&quot;:&quot;&quot;,&quot;trigger&quot;:&quot;load&quot;,&quot;enableOn&quot;:[&quot;desktop&quot;,&quot;tablet&quot;,&quot;mobile&quot;,&quot;widescreen&quot;,&quot;laptop&quot;,&quot;tablet_extra&quot;,&quot;mobile_extra&quot;]}\" class=\"elementor-section elementor-inner-section elementor-element elementor-element-91aa11a elementor-section-full_width premium-equal-height-yes elementor-section-height-default elementor-section-height-default exad-sticky-section-no\" data-id=\"91aa11a\" data-element_type=\"section\" data-settings=\"{&quot;premium_eq_height_switcher&quot;:&quot;yes&quot;}\">\n\t\t\t\t\t\t<div class=\"elementor-container elementor-column-gap-default\">\n\t\t\t\t\t<div class=\"elementor-column elementor-col-50 elementor-inner-column elementor-element elementor-element-ffc3522 exad-glass-effect-no exad-sticky-section-no\" data-id=\"ffc3522\" data-element_type=\"column\">\n\t\t\t<div class=\"elementor-widget-wrap elementor-element-populated\">\n\t\t\t\t\t\t<div class=\"elementor-element elementor-element-7913482 elementor-hidden-tablet elementor-hidden-mobile_extra elementor-hidden-mobile exad-sticky-section-no exad-glass-effect-no elementor-widget elementor-widget-heading\" data-id=\"7913482\" data-element_type=\"widget\" data-widget_type=\"heading.default\">\n\t\t\t\t<div class=\"elementor-widget-container\">\n\t\t\t\t\t<h2 class=\"elementor-heading-title elementor-size-default\"><span style=\"font-family: CaviarDreams;font-size: 56px;white-space: normal\">Alinea Tu Imagen Y Tus Objetivos<\/span><\/h2>\t\t\t\t<\/div>\n\t\t\t\t<\/div>\n\t\t\t\t<div class=\"elementor-element elementor-element-bd6ea05 elementor-hidden-desktop elementor-hidden-laptop elementor-hidden-tablet_extra exad-sticky-section-no exad-glass-effect-no elementor-widget elementor-widget-heading\" data-id=\"bd6ea05\" data-element_type=\"widget\" data-widget_type=\"heading.default\">\n\t\t\t\t<div class=\"elementor-widget-container\">\n\t\t\t\t\t<h2 class=\"elementor-heading-title elementor-size-default\"><span style=\"font-family: CaviarDreams;font-size: 25px;white-space: normal\">Alinea Tu Imagen Y Tus Objetivos<\/span><\/h2>\t\t\t\t<\/div>\n\t\t\t\t<\/div>\n\t\t\t\t<section class=\"elementor-section elementor-inner-section elementor-element elementor-element-0a67b11 elementor-section-full_width elementor-section-height-default elementor-section-height-default exad-glass-effect-no exad-sticky-section-no\" data-id=\"0a67b11\" data-element_type=\"section\">\n\t\t\t\t\t\t<div class=\"elementor-container elementor-column-gap-default\">\n\t\t\t\t\t<div class=\"elementor-column elementor-col-100 elementor-inner-column elementor-element elementor-element-aa6701b exad-glass-effect-no exad-sticky-section-no\" data-id=\"aa6701b\" data-element_type=\"column\">\n\t\t\t<div class=\"elementor-widget-wrap elementor-element-populated\">\n\t\t\t\t\t\t<div class=\"elementor-element elementor-element-603c098 elementor-hidden-mobile_extra elementor-hidden-mobile exad-sticky-section-no exad-glass-effect-no elementor-widget elementor-widget-text-editor\" data-id=\"603c098\" data-element_type=\"widget\" data-widget_type=\"text-editor.default\">\n\t\t\t\t<div class=\"elementor-widget-container\">\n\t\t\t\t\t\t\t\t\t<h5>Si eres emprendedor, tienes\u00a0 una peque\u00f1a empresa, quieres\u00a0conseguir un puesto de trabajo concreto, etc&#8230; es importante que tu imagen vaya alienada con lo que quieres conseguir. Para generar confianza en tu interlocutor, ya sea un cliente potencial, un\u00a0entrevistador o el publico al que te diriges, es importante que lo que dices y lo que proyectas\u00a0vaya en consonancia.<\/h5><h5>Con este servicio, conseguir\u00e1s una imagen que vaya acorde a tu proyecto, a tu empresa o al\u00a0objetivo que tienes.<\/h5><h5>Obtendr\u00e1s las herramientas necesarias para gestionar tu imagen en cada ocasi\u00f3n lo que te aportar\u00e1 un extra de confianza y seguridad en ti mismo a la hora de proyectar tu mensaje.<\/h5>\t\t\t\t\t\t\t\t<\/div>\n\t\t\t\t<\/div>\n\t\t\t\t<div class=\"elementor-element elementor-element-862e471 elementor-hidden-desktop elementor-hidden-laptop elementor-hidden-tablet_extra elementor-hidden-tablet exad-sticky-section-no exad-glass-effect-no elementor-widget elementor-widget-text-editor\" data-id=\"862e471\" data-element_type=\"widget\" data-widget_type=\"text-editor.default\">\n\t\t\t\t<div class=\"elementor-widget-container\">\n\t\t\t\t\t\t\t\t\t<h6><span style=\"font-size: 10pt;\">Si eres emprendedor, tienes\u00a0 una peque\u00f1a empresa, quieres\u00a0conseguir un puesto de trabajo concreto, etc&#8230; es importante que tu imagen vaya alienada con lo que quieres conseguir. Para generar confianza en tu interlocutor, ya sea un cliente potencial, un\u00a0entrevistador o el publico al que te diriges, es importante que lo que dices y lo que proyectas\u00a0vaya en consonancia.<\/span><\/h6><h6><span style=\"font-size: 10pt;\">Con este servicio, conseguir\u00e1s una imagen que vaya acorde a tu proyecto, a tu empresa o al\u00a0objetivo que tienes.<\/span><\/h6><h6><span style=\"font-size: 10pt;\">Obtendr\u00e1s las herramientas necesarias para gestionar tu imagen en cada ocasi\u00f3n lo que te aportar\u00e1 un extra de confianza y seguridad en ti mismo a la hora de proyectar tu mensaje.<\/span><\/h6>\t\t\t\t\t\t\t\t<\/div>\n\t\t\t\t<\/div>\n\t\t\t\t\t<\/div>\n\t\t<\/div>\n\t\t\t\t\t<\/div>\n\t\t<\/section>\n\t\t\t\t\t<\/div>\n\t\t<\/div>\n\t\t\t\t<div class=\"elementor-column elementor-col-50 elementor-inner-column elementor-element elementor-element-331bc5f exad-glass-effect-no exad-sticky-section-no\" data-id=\"331bc5f\" data-element_type=\"column\">\n\t\t\t<div class=\"elementor-widget-wrap elementor-element-populated\">\n\t\t\t\t\t\t<div class=\"elementor-element elementor-element-025c7b0 exad-sticky-section-no exad-glass-effect-no elementor-widget elementor-widget-image\" data-id=\"025c7b0\" data-element_type=\"widget\" data-widget_type=\"image.default\">\n\t\t\t\t<div class=\"elementor-widget-container\">\n\t\t\t\t\t\t\t\t\t\t\t\t\t\t\t<img decoding=\"async\" src=\"https:\/\/xn--diseatuimagenpersonal-fbc.com\/dtip-web\/wp-content\/uploads\/elementor\/thumbs\/iStock-613019346_reg-scaled-pckajly0g6r9ngqw2w6rmjsnhlxdufyseurrif04uo.jpg\" title=\"Beautiful designers working\" alt=\"Cropped image of beautiful couple of designers discussing color scale while working in office\" loading=\"lazy\" \/>\t\t\t\t\t\t\t\t\t\t\t\t\t\t\t<\/div>\n\t\t\t\t<\/div>\n\t\t\t\t\t<\/div>\n\t\t<\/div>\n\t\t\t\t\t<\/div>\n\t\t<\/section>\n\t\t\t\t<div class=\"elementor-element elementor-element-dd3d84a premium-modal-dismissible-yes exad-sticky-section-no exad-glass-effect-no elementor-widget elementor-widget-premium-addon-modal-box\" data-id=\"dd3d84a\" data-element_type=\"widget\" data-settings=\"{&quot;premium_modal_box_animation&quot;:&quot;fadeInDown&quot;}\" data-widget_type=\"premium-addon-modal-box.default\">\n\t\t\t\t<div class=\"elementor-widget-container\">\n\t\t\t\t\t\n\t\t<div class=\"premium-modal-box-container\" data-settings=\"{&quot;trigger&quot;:&quot;button&quot;,&quot;show_on_exit&quot;:false}\">\n\t\t\t<div class=\"premium-modal-trigger-container\">\n\t\t\t\t\t\t\t\t\t<button data-toggle=\"premium-modal\" data-target=\"#premium-modal-dd3d84a\" type=\"button\" class=\"premium-modal-trigger-btn premium-btn-lg premium-button-none \" data-text=\"Contacta con DTIP\">\n\n\t\t\t\t\t\t\n\t\t\t\t\t\t<div class=\"premium-button-text-icon-wrapper\">\n\t\t\t\t\t\t\t<span>Contacta con DTIP<\/span>\n\t\t\t\t\t\t<\/div>\n\n\t\t\t\t\t\t\n\t\t\t\t\t\t\n\t\t\t\t\t\t\n\t\t\t\t\t<\/button>\n\t\t\t\t\t\t\t<\/div>\n\n\t\t\t<div id=\"premium-modal-dd3d84a\" class=\"premium-modal-box-modal\"\n\t\t\trole=\"dialog\"\n\t\t\tstyle=\"display: none\"\n\t\t\t>\n\t\t\t\t<div class=\"premium-modal-box-modal-dialog\" data-delay-animation=\"\" data-modal-animation=\"fadeInDown animated-fast\">\n\t\t\t\t\t\t\t\t\t\t<div class=\"premium-modal-box-modal-body\">\n\t\t\t\t\t\t\t\t\t\t\t\t\t<h1><span style=\"font-size: 12pt;\">\t\t<div data-elementor-type=\"wp-post\" data-elementor-id=\"1356\" class=\"elementor elementor-1356\">\n\t\t\t\t\t\t<section class=\"elementor-section elementor-top-section elementor-element elementor-element-01c7d2a elementor-section-height-min-height elementor-section-boxed elementor-section-height-default elementor-section-items-middle exad-glass-effect-no exad-sticky-section-no\" data-id=\"01c7d2a\" data-element_type=\"section\" data-settings=\"{&quot;background_background&quot;:&quot;classic&quot;}\">\n\t\t\t\t\t\t\t<div class=\"elementor-background-overlay\"><\/div>\n\t\t\t\t\t\t\t<div class=\"elementor-container elementor-column-gap-default\">\n\t\t\t\t\t<section class=\"elementor-column elementor-col-100 elementor-top-column elementor-element elementor-element-d265a3a exad-glass-effect-no exad-sticky-section-no\" data-id=\"d265a3a\" data-element_type=\"column\">\n\t\t\t<div class=\"elementor-widget-wrap elementor-element-populated\">\n\t\t\t\t\t\t<div class=\"elementor-element elementor-element-7eba635 elementor-widget__width-inherit exad-sticky-section-no exad-glass-effect-no elementor-widget elementor-widget-wpforms\" data-id=\"7eba635\" data-element_type=\"widget\" data-widget_type=\"wpforms.default\">\n\t\t\t\t<div class=\"elementor-widget-container\">\n\t\t\t\t\t<div class=\"wpforms-container wpforms-container-full form1\" id=\"wpforms-1355\"><form id=\"wpforms-form-1355\" class=\"wpforms-validate wpforms-form wpforms-ajax-form\" data-formid=\"1355\" method=\"post\" enctype=\"multipart\/form-data\" action=\"\/dtip-web\/wp-json\/wp\/v2\/pages\/928\" data-token=\"c8c08821997a060dc8909dd21364ce3e\" data-token-time=\"1775377004\"><noscript class=\"wpforms-error-noscript\">Por favor, activa JavaScript en tu navegador para completar este formulario.<\/noscript><div class=\"wpforms-field-container\"><div id=\"wpforms-1355-field_0-container\" class=\"wpforms-field wpforms-field-name\" data-field-id=\"0\"><label class=\"wpforms-field-label\" for=\"wpforms-1355-field_0\">Nombre <span class=\"wpforms-required-label\">*<\/span><\/label><input type=\"text\" id=\"wpforms-1355-field_0\" class=\"wpforms-field-medium wpforms-field-required\" name=\"wpforms[fields][0]\" required><\/div><div id=\"wpforms-1355-field_1-container\" class=\"wpforms-field wpforms-field-email\" data-field-id=\"1\"><label class=\"wpforms-field-label\" for=\"wpforms-1355-field_1\">Correo electr\u00f3nico <span class=\"wpforms-required-label\">*<\/span><\/label><input type=\"email\" id=\"wpforms-1355-field_1\" class=\"wpforms-field-medium wpforms-field-required\" name=\"wpforms[fields][1]\" spellcheck=\"false\" required><\/div><div id=\"wpforms-1355-field_9-container\" class=\"wpforms-field wpforms-field-select wpforms-field-select-style-classic\" data-field-id=\"9\"><label class=\"wpforms-field-label\" for=\"wpforms-1355-field_9\">Prefijo <span class=\"wpforms-required-label\">*<\/span><\/label><select id=\"wpforms-1355-field_9\" class=\"wpforms-field-small wpforms-field-required\" name=\"wpforms[fields][9]\" required=\"required\"><option value=\"Andorra +376\"  class=\"choice-1 depth-1\"  >Andorra +376<\/option><option value=\"Espa\u00f1a +34\"  class=\"choice-2 depth-1\"  >Espa\u00f1a +34<\/option><option value=\"Francia +33\"  class=\"choice-3 depth-1\"  >Francia +33<\/option><option value=\"Portugal +351\"  class=\"choice-440 depth-1\"  >Portugal +351<\/option><option value=\"Alemania +49\"  class=\"choice-9 depth-1\"  >Alemania +49<\/option><option value=\"Argentina +54\"  class=\"choice-479 depth-1\"  >Argentina +54<\/option><option value=\"Australia +61\"  class=\"choice-480 depth-1\"  >Australia +61<\/option><option value=\"Austria\t+43\"  class=\"choice-481 depth-1\"  >Austria\t+43<\/option><option value=\"B\u00e9lgica\t+32\"  class=\"choice-482 depth-1\"  >B\u00e9lgica\t+32<\/option><option value=\"Brasil  +55\"  class=\"choice-510 depth-1\"  >Brasil  +55<\/option><option value=\"Bulgaria\t+359\"  class=\"choice-483 depth-1\"  >Bulgaria\t+359<\/option><option value=\"Canad\u00e1\t+1\"  class=\"choice-484 depth-1\"  >Canad\u00e1\t+1<\/option><option value=\"China +86\"  class=\"choice-520 depth-1\"  >China +86<\/option><option value=\"Colombia\t+57\"  class=\"choice-485 depth-1\"  >Colombia\t+57<\/option><option value=\"Croacia\t+385\"  class=\"choice-486 depth-1\"  >Croacia\t+385<\/option><option value=\"Dinamarca +45\"  class=\"choice-518 depth-1\"  >Dinamarca +45<\/option><option value=\"Eslovaquia\t+421\"  class=\"choice-487 depth-1\"  >Eslovaquia\t+421<\/option><option value=\"Eslovenia\t+386\"  class=\"choice-488 depth-1\"  >Eslovenia\t+386<\/option><option value=\"Estados Unidos\t+1\"  class=\"choice-489 depth-1\"  >Estados Unidos\t+1<\/option><option value=\"Estonia\t+372\"  class=\"choice-490 depth-1\"  >Estonia\t+372<\/option><option value=\"Finlandia\t+358\"  class=\"choice-491 depth-1\"  >Finlandia\t+358<\/option><option value=\"Grecia\t+30\"  class=\"choice-492 depth-1\"  >Grecia\t+30<\/option><option value=\"Holanda\t+31\"  class=\"choice-493 depth-1\"  >Holanda\t+31<\/option><option value=\"India +91\"  class=\"choice-521 depth-1\"  >India +91<\/option><option value=\"Irlanda\t+353\"  class=\"choice-494 depth-1\"  >Irlanda\t+353<\/option><option value=\"Islandia\t+354\"  class=\"choice-495 depth-1\"  >Islandia\t+354<\/option><option value=\"Italia\t+39\"  class=\"choice-496 depth-1\"  >Italia\t+39<\/option><option value=\"Jap\u00f3n +81\"  class=\"choice-519 depth-1\"  >Jap\u00f3n +81<\/option><option value=\"Liechtenstein +423\"  class=\"choice-517 depth-1\"  >Liechtenstein +423<\/option><option value=\"Letonia\t+371\"  class=\"choice-497 depth-1\"  >Letonia\t+371<\/option><option value=\"Lituania\t+370\"  class=\"choice-498 depth-1\"  >Lituania\t+370<\/option><option value=\"Luxemburgo\t+352\"  class=\"choice-499 depth-1\"  >Luxemburgo\t+352<\/option><option value=\"Malta\t+356\"  class=\"choice-500 depth-1\"  >Malta\t+356<\/option><option value=\"Marruecos\t+212\"  class=\"choice-501 depth-1\"  >Marruecos\t+212<\/option><option value=\"M\u00e9xico\t+52\"  class=\"choice-502 depth-1\"  >M\u00e9xico\t+52<\/option><option value=\"M\u00f3naco +377\"  class=\"choice-514 depth-1\"  >M\u00f3naco +377<\/option><option value=\"Noruega\t+47\"  class=\"choice-503 depth-1\"  >Noruega\t+47<\/option><option value=\"Pa\u00edses Bajos +31\"  class=\"choice-513 depth-1\"  >Pa\u00edses Bajos +31<\/option><option value=\"Panam\u00e1 +507\"  class=\"choice-511 depth-1\"  >Panam\u00e1 +507<\/option><option value=\"Per\u00fa  +51\"  class=\"choice-509 depth-1\"  >Per\u00fa  +51<\/option><option value=\"Polonia\t+48\"  class=\"choice-504 depth-1\"  >Polonia\t+48<\/option><option value=\"Reino Unido\t+44\"  class=\"choice-505 depth-1\"  >Reino Unido\t+44<\/option><option value=\"Rusia\t+7\"  class=\"choice-506 depth-1\"  >Rusia\t+7<\/option><option value=\"San Marino +378\"  class=\"choice-515 depth-1\"  >San Marino +378<\/option><option value=\"Suecia\t+46\"  class=\"choice-507 depth-1\"  >Suecia\t+46<\/option><option value=\"Suiza +41\"  class=\"choice-476 depth-1\"  >Suiza +41<\/option><option value=\"Uruguay +598\"  class=\"choice-512 depth-1\"  >Uruguay +598<\/option><option value=\"Venezuela\t+58\"  class=\"choice-508 depth-1\"  >Venezuela\t+58<\/option><\/select><\/div><div id=\"wpforms-1355-field_12-container\" class=\"wpforms-field wpforms-field-number\" data-field-id=\"12\"><label class=\"wpforms-field-label\" for=\"wpforms-1355-field_12\">Tel\u00e9fono <span class=\"wpforms-required-label\">*<\/span><\/label><input type=\"number\" id=\"wpforms-1355-field_12\" class=\"wpforms-field-medium wpforms-field-required\" name=\"wpforms[fields][12]\" step=\"any\" required><div class=\"wpforms-field-description\">Introduzca su tel\u00e9fono de contacto<\/div><\/div><div id=\"wpforms-1355-field_2-container\" class=\"wpforms-field wpforms-field-textarea\" data-field-id=\"2\"><label class=\"wpforms-field-label\" for=\"wpforms-1355-field_2\">Comentario o mensaje <span class=\"wpforms-required-label\">*<\/span><\/label><textarea id=\"wpforms-1355-field_2\" class=\"wpforms-field-small wpforms-field-required\" name=\"wpforms[fields][2]\" required><\/textarea><\/div><div id=\"wpforms-1355-field_3-container\" class=\"wpforms-field wpforms-field-checkbox\" data-field-id=\"3\"><label class=\"wpforms-field-label\">Declaraci\u00f3n y consentimiento: <span class=\"wpforms-required-label\">*<\/span><\/label><ul id=\"wpforms-1355-field_3\" class=\"wpforms-field-required\"><li class=\"choice-1 depth-1\"><input type=\"checkbox\" id=\"wpforms-1355-field_3_1\" name=\"wpforms[fields][3][]\" value=\"Soy mayor de edad\" required ><label class=\"wpforms-field-label-inline\" for=\"wpforms-1355-field_3_1\">Soy mayor de edad<\/label><\/li><\/ul><\/div><div id=\"wpforms-1355-field_10-container\" class=\"wpforms-field wpforms-field-checkbox\" data-field-id=\"10\"><ul id=\"wpforms-1355-field_10\" class=\"wpforms-field-required\"><li class=\"choice-3 depth-1\"><input type=\"checkbox\" id=\"wpforms-1355-field_10_3\" name=\"wpforms[fields][10][]\" value=\"Acepto que DTIP almacene mis datos para uso exclusivo de asesoramiento\" required ><label class=\"wpforms-field-label-inline\" for=\"wpforms-1355-field_10_3\">Acepto que DTIP almacene mis datos para uso exclusivo de asesoramiento<\/label><\/li><\/ul><\/div><div id=\"wpforms-1355-field_11-container\" class=\"wpforms-field wpforms-field-checkbox\" data-field-id=\"11\"><ul id=\"wpforms-1355-field_11\" class=\"wpforms-field-required\"><li class=\"choice-1 depth-1\"><input type=\"checkbox\" id=\"wpforms-1355-field_11_1\" name=\"wpforms[fields][11][]\" value=\"Acepto que DTIP me contacte v\u00eda email o telef\u00f3nica\" required ><label class=\"wpforms-field-label-inline\" for=\"wpforms-1355-field_11_1\">Acepto que DTIP me contacte v\u00eda email o telef\u00f3nica<\/label><\/li><\/ul><\/div><div id=\"wpforms-1355-field_8-container\" class=\"wpforms-field wpforms-field-select wpforms-field-select-style-classic\" data-field-id=\"8\"><label class=\"wpforms-field-label\" for=\"wpforms-1355-field_8\">Canal de contacto: <span class=\"wpforms-required-label\">*<\/span><\/label><select id=\"wpforms-1355-field_8\" class=\"wpforms-field-medium wpforms-field-required\" name=\"wpforms[fields][8]\" required=\"required\"><option value=\"Contactar por email\"  class=\"choice-1 depth-1\"  >Contactar por email<\/option><option value=\"Contactar por tel\u00e9fono\"  class=\"choice-2 depth-1\"  >Contactar por tel\u00e9fono<\/option><option value=\"Contactar por WhatsApp\"  class=\"choice-3 depth-1\"  >Contactar por WhatsApp<\/option><\/select><\/div><\/div><!-- .wpforms-field-container --><div class=\"wpforms-submit-container\" ><input type=\"hidden\" name=\"wpforms[id]\" value=\"1355\"><input type=\"hidden\" name=\"page_title\" value=\"\"><input type=\"hidden\" name=\"page_url\" value=\"https:\/\/xn--diseatuimagenpersonal-fbc.com\/dtip-web\/wp-json\/wp\/v2\/pages\/928\"><input type=\"hidden\" name=\"url_referer\" value=\"\"><button type=\"submit\" name=\"wpforms[submit]\" id=\"wpforms-submit-1355\" class=\"wpforms-submit\" data-alt-text=\"Enviando...\" data-submit-text=\"Enviar mensaje\" aria-live=\"assertive\" value=\"wpforms-submit\">Enviar mensaje<\/button><img decoding=\"async\" src=\"https:\/\/xn--diseatuimagenpersonal-fbc.com\/dtip-web\/wp-content\/plugins\/wpforms-lite\/assets\/images\/submit-spin.svg\" class=\"wpforms-submit-spinner\" style=\"display: none;\" width=\"26\" height=\"26\" alt=\"Cargando\"><\/div><\/form><\/div>  <!-- .wpforms-container -->\t\t\t\t<\/div>\n\t\t\t\t<\/div>\n\t\t\t\t\t<\/div>\n\t\t<\/section>\n\t\t\t\t\t<\/div>\n\t\t<\/section>\n\t\t\t\t<\/div>\n\t\t<\/span><\/h1>\n\t\t\t\t\t\t\t\t\t\t\t<\/div>\n\t\t\t\t\t\t\t\t\t\t\t<div class=\"premium-modal-box-modal-footer\">\n\t\t\t\t\t\t\t<button type=\"button\" class=\"premium-modal-box-modal-lower-close\" data-dismiss=\"premium-modal\">\n\t\t\t\t\t\t\t\tCerrar Formulario\t\t\t\t\t\t\t<\/button>\n\t\t\t\t\t\t<\/div>\n\t\t\t\t\t\t\t\t\t<\/div>\n\t\t\t<\/div>\n\t\t<\/div>\n\t\t\t\t\t\t<\/div>\n\t\t\t\t<\/div>\n\t\t\t\t\t<\/div>\n\t\t<\/div>\n\t\t\t\t\t<\/div>\n\t\t<\/section>\n\t\t\t\t<\/div>\n\t\t","protected":false},"excerpt":{"rendered":"<p>Alinea Tu Imagen Y Tus Objetivos Alinea Tu Imagen Y Tus Objetivos Si eres emprendedor, tienes\u00a0 una peque\u00f1a empresa, quieres\u00a0conseguir un puesto de trabajo concreto, etc&#8230; es importante que tu imagen vaya alienada con lo que quieres conseguir. Para generar confianza en tu interlocutor, ya sea un cliente potencial, un\u00a0entrevistador o el publico al que [&hellip;]<\/p>\n","protected":false},"author":1,"featured_media":0,"parent":0,"menu_order":0,"comment_status":"closed","ping_status":"closed","template":"page-templates\/no-sidebar.php","meta":{"footnotes":""},"class_list":["post-928","page","type-page","status-publish","hentry"],"jetpack_sharing_enabled":true,"_links":{"self":[{"href":"https:\/\/xn--diseatuimagenpersonal-fbc.com\/dtip-web\/wp-json\/wp\/v2\/pages\/928","targetHints":{"allow":["GET"]}}],"collection":[{"href":"https:\/\/xn--diseatuimagenpersonal-fbc.com\/dtip-web\/wp-json\/wp\/v2\/pages"}],"about":[{"href":"https:\/\/xn--diseatuimagenpersonal-fbc.com\/dtip-web\/wp-json\/wp\/v2\/types\/page"}],"author":[{"embeddable":true,"href":"https:\/\/xn--diseatuimagenpersonal-fbc.com\/dtip-web\/wp-json\/wp\/v2\/users\/1"}],"replies":[{"embeddable":true,"href":"https:\/\/xn--diseatuimagenpersonal-fbc.com\/dtip-web\/wp-json\/wp\/v2\/comments?post=928"}],"version-history":[{"count":50,"href":"https:\/\/xn--diseatuimagenpersonal-fbc.com\/dtip-web\/wp-json\/wp\/v2\/pages\/928\/revisions"}],"predecessor-version":[{"id":1764,"href":"https:\/\/xn--diseatuimagenpersonal-fbc.com\/dtip-web\/wp-json\/wp\/v2\/pages\/928\/revisions\/1764"}],"wp:attachment":[{"href":"https:\/\/xn--diseatuimagenpersonal-fbc.com\/dtip-web\/wp-json\/wp\/v2\/media?parent=928"}],"curies":[{"name":"wp","href":"https:\/\/api.w.org\/{rel}","templated":true}]}}